{"id":15351,"date":"2025-10-17T14:25:46","date_gmt":"2025-10-17T14:25:46","guid":{"rendered":"https:\/\/www.ruydelacerda.pt\/product\/manual-application-decoater\/"},"modified":"2025-10-17T14:25:46","modified_gmt":"2025-10-17T14:25:46","slug":"manual-application-decoater","status":"publish","type":"product","link":"https:\/\/www.ruydelacerda.pt\/en\/product\/manual-application-decoater\/","title":{"rendered":"Manual application decoater"},"content":{"rendered":"","protected":false},"excerpt":{"rendered":"<p>Gama de decapantes para telas serigr\u00e1ficas, de aplica\u00e7\u00e3o manual.<\/p>\n<p>Remove a camada de emuls\u00e3o dos ecr\u00e3s, com o objetivo de reaproveitamento da tela para novas impress\u00f5es. Decapantes prontos a utilizar e altamente eficientes para todos os materiais de exposi\u00e7\u00e3o direta ( fotoemuls\u00f5es e filmes ).\u00a0Produtos inodoros, isentos de cloro e que n\u00e3o danificam a tela.<\/p>\n<p>#Kiwo #Decapante #Pregasol<\/p>\n","protected":false},"featured_media":13203,"comment_status":"open","ping_status":"closed","template":"","meta":{"_acf_changed":false,"_joinchat":[]},"product_brand":[],"product_cat":[207],"product_tag":[],"class_list":{"0":"post-15351","1":"product","2":"type-product","3":"status-publish","4":"has-post-thumbnail","6":"product_cat-decoaters","8":"first","9":"instock","10":"shipping-taxable","11":"product-type-simple"},"acf":[],"_links":{"self":[{"href":"https:\/\/www.ruydelacerda.pt\/en\/wp-json\/wp\/v2\/product\/15351","targetHints":{"allow":["GET"]}}],"collection":[{"href":"https:\/\/www.ruydelacerda.pt\/en\/wp-json\/wp\/v2\/product"}],"about":[{"href":"https:\/\/www.ruydelacerda.pt\/en\/wp-json\/wp\/v2\/types\/product"}],"replies":[{"embeddable":true,"href":"https:\/\/www.ruydelacerda.pt\/en\/wp-json\/wp\/v2\/comments?post=15351"}],"wp:featuredmedia":[{"embeddable":true,"href":"https:\/\/www.ruydelacerda.pt\/en\/wp-json\/wp\/v2\/media\/13203"}],"wp:attachment":[{"href":"https:\/\/www.ruydelacerda.pt\/en\/wp-json\/wp\/v2\/media?parent=15351"}],"wp:term":[{"taxonomy":"product_brand","embeddable":true,"href":"https:\/\/www.ruydelacerda.pt\/en\/wp-json\/wp\/v2\/product_brand?post=15351"},{"taxonomy":"product_cat","embeddable":true,"href":"https:\/\/www.ruydelacerda.pt\/en\/wp-json\/wp\/v2\/product_cat?post=15351"},{"taxonomy":"product_tag","embeddable":true,"href":"https:\/\/www.ruydelacerda.pt\/en\/wp-json\/wp\/v2\/product_tag?post=15351"}],"curies":[{"name":"wp","href":"https:\/\/api.w.org\/{rel}","templated":true}]}}