{"id":15357,"date":"2025-10-17T14:11:22","date_gmt":"2025-10-17T14:11:22","guid":{"rendered":"https:\/\/www.ruydelacerda.pt\/product\/cts-emulsions\/"},"modified":"2025-10-17T14:11:22","modified_gmt":"2025-10-17T14:11:22","slug":"cts-emulsions","status":"publish","type":"product","link":"https:\/\/www.ruydelacerda.pt\/en\/product\/cts-emulsions\/","title":{"rendered":"CtS emulsions"},"content":{"rendered":"","protected":false},"excerpt":{"rendered":"<p>Ecr\u00e3s, com emuls\u00f5es resistentes a solventes e a \u00e1gua, produzidos atrav\u00e9s de sistemas de exposi\u00e7\u00e3o direta.<\/p>\n<p>#Kiwo #Emuls\u00f5esParaCtS #Banho #Azocol #Polycol Texsol<\/p>\n","protected":false},"featured_media":13179,"comment_status":"open","ping_status":"closed","template":"","meta":{"_acf_changed":false,"_joinchat":[]},"product_brand":[],"product_cat":[209],"product_tag":[],"class_list":{"0":"post-15357","1":"product","2":"type-product","3":"status-publish","4":"has-post-thumbnail","6":"product_cat-emulsions","8":"first","9":"instock","10":"shipping-taxable","11":"product-type-simple"},"acf":[],"_links":{"self":[{"href":"https:\/\/www.ruydelacerda.pt\/en\/wp-json\/wp\/v2\/product\/15357","targetHints":{"allow":["GET"]}}],"collection":[{"href":"https:\/\/www.ruydelacerda.pt\/en\/wp-json\/wp\/v2\/product"}],"about":[{"href":"https:\/\/www.ruydelacerda.pt\/en\/wp-json\/wp\/v2\/types\/product"}],"replies":[{"embeddable":true,"href":"https:\/\/www.ruydelacerda.pt\/en\/wp-json\/wp\/v2\/comments?post=15357"}],"wp:featuredmedia":[{"embeddable":true,"href":"https:\/\/www.ruydelacerda.pt\/en\/wp-json\/wp\/v2\/media\/13179"}],"wp:attachment":[{"href":"https:\/\/www.ruydelacerda.pt\/en\/wp-json\/wp\/v2\/media?parent=15357"}],"wp:term":[{"taxonomy":"product_brand","embeddable":true,"href":"https:\/\/www.ruydelacerda.pt\/en\/wp-json\/wp\/v2\/product_brand?post=15357"},{"taxonomy":"product_cat","embeddable":true,"href":"https:\/\/www.ruydelacerda.pt\/en\/wp-json\/wp\/v2\/product_cat?post=15357"},{"taxonomy":"product_tag","embeddable":true,"href":"https:\/\/www.ruydelacerda.pt\/en\/wp-json\/wp\/v2\/product_tag?post=15357"}],"curies":[{"name":"wp","href":"https:\/\/api.w.org\/{rel}","templated":true}]}}