{"id":15379,"date":"2025-10-17T08:50:47","date_gmt":"2025-10-17T08:50:47","guid":{"rendered":"https:\/\/www.ruydelacerda.pt\/product\/inspection-systems-for-offset-printing-machines\/"},"modified":"2025-10-17T08:50:47","modified_gmt":"2025-10-17T08:50:47","slug":"inspection-systems-for-offset-printing-machines","status":"publish","type":"product","link":"https:\/\/www.ruydelacerda.pt\/en\/product\/inspection-systems-for-offset-printing-machines\/","title":{"rendered":"Inspection systems for OFFSET printing machines"},"content":{"rendered":"","protected":false},"excerpt":{"rendered":"<p>A efici\u00eancia na impress\u00e3o offset alimentada por rolo requer alta integra\u00e7\u00e3o de unidades em altas velocidades.\u00a0Com sistemas de controle de tens\u00e3o e guia de banda feitos sob medida e precis\u00f5es superiores a 1\/10 mm, podemos responder \u00e0s altas expectativas e exig\u00eancias de nossos clientes.\u00a0Dessa forma, podemos ajud\u00e1-lo a aproveitar o potencial de otimiza\u00e7\u00e3o e ampliar ainda mais sua competitividade.<\/p>\n<p>#ErhardtLeimer #SistemasDeInspe\u00e7\u00e3o #Offset\u00a0#Elscan #SmartScan #Eltens #Elguider<\/p>\n","protected":false},"featured_media":13055,"comment_status":"open","ping_status":"closed","template":"","meta":{"_acf_changed":false,"_joinchat":[]},"product_brand":[],"product_cat":[217],"product_tag":[],"class_list":{"0":"post-15379","1":"product","2":"type-product","3":"status-publish","4":"has-post-thumbnail","6":"product_cat-for-printing-industry","8":"first","9":"instock","10":"shipping-taxable","11":"product-type-simple"},"acf":[],"_links":{"self":[{"href":"https:\/\/www.ruydelacerda.pt\/en\/wp-json\/wp\/v2\/product\/15379","targetHints":{"allow":["GET"]}}],"collection":[{"href":"https:\/\/www.ruydelacerda.pt\/en\/wp-json\/wp\/v2\/product"}],"about":[{"href":"https:\/\/www.ruydelacerda.pt\/en\/wp-json\/wp\/v2\/types\/product"}],"replies":[{"embeddable":true,"href":"https:\/\/www.ruydelacerda.pt\/en\/wp-json\/wp\/v2\/comments?post=15379"}],"wp:featuredmedia":[{"embeddable":true,"href":"https:\/\/www.ruydelacerda.pt\/en\/wp-json\/wp\/v2\/media\/13055"}],"wp:attachment":[{"href":"https:\/\/www.ruydelacerda.pt\/en\/wp-json\/wp\/v2\/media?parent=15379"}],"wp:term":[{"taxonomy":"product_brand","embeddable":true,"href":"https:\/\/www.ruydelacerda.pt\/en\/wp-json\/wp\/v2\/product_brand?post=15379"},{"taxonomy":"product_cat","embeddable":true,"href":"https:\/\/www.ruydelacerda.pt\/en\/wp-json\/wp\/v2\/product_cat?post=15379"},{"taxonomy":"product_tag","embeddable":true,"href":"https:\/\/www.ruydelacerda.pt\/en\/wp-json\/wp\/v2\/product_tag?post=15379"}],"curies":[{"name":"wp","href":"https:\/\/api.w.org\/{rel}","templated":true}]}}