{"id":15412,"date":"2025-10-16T10:33:17","date_gmt":"2025-10-16T10:33:17","guid":{"rendered":"https:\/\/www.ruydelacerda.pt\/product\/blown-film-extruder\/"},"modified":"2025-10-16T10:33:17","modified_gmt":"2025-10-16T10:33:17","slug":"blown-film-extruder","status":"publish","type":"product","link":"https:\/\/www.ruydelacerda.pt\/en\/product\/blown-film-extruder\/","title":{"rendered":"Blown film extruder"},"content":{"rendered":"","protected":false},"excerpt":{"rendered":"<p>Linhas de extrus\u00e3o e co-extrus\u00e3o em bal\u00e3o ou bi orientados :<\/p>\n<ul>\n<li>water quenching<\/li>\n<li>triple bubble<\/li>\n<li>sector alimentar, m\u00e9dico e sector agr\u00edcola ( netrapp )<\/li>\n<\/ul>\n<p>#Kuhne #Extrus\u00e3o #Co-extrus\u00e3o #Bal\u00e3o #Bi-orientado #\u00c1gua #TrippleBubble #Alimentar #Agr\u00edcola #M\u00e9dico #Netrapp<\/p>\n","protected":false},"featured_media":12640,"comment_status":"open","ping_status":"closed","template":"","meta":{"_acf_changed":false,"_joinchat":[]},"product_brand":[],"product_cat":[228],"product_tag":[],"class_list":{"0":"post-15412","1":"product","2":"type-product","3":"status-publish","4":"has-post-thumbnail","6":"product_cat-extrusion-lines","8":"first","9":"instock","10":"shipping-taxable","11":"product-type-simple"},"acf":[],"_links":{"self":[{"href":"https:\/\/www.ruydelacerda.pt\/en\/wp-json\/wp\/v2\/product\/15412","targetHints":{"allow":["GET"]}}],"collection":[{"href":"https:\/\/www.ruydelacerda.pt\/en\/wp-json\/wp\/v2\/product"}],"about":[{"href":"https:\/\/www.ruydelacerda.pt\/en\/wp-json\/wp\/v2\/types\/product"}],"replies":[{"embeddable":true,"href":"https:\/\/www.ruydelacerda.pt\/en\/wp-json\/wp\/v2\/comments?post=15412"}],"wp:featuredmedia":[{"embeddable":true,"href":"https:\/\/www.ruydelacerda.pt\/en\/wp-json\/wp\/v2\/media\/12640"}],"wp:attachment":[{"href":"https:\/\/www.ruydelacerda.pt\/en\/wp-json\/wp\/v2\/media?parent=15412"}],"wp:term":[{"taxonomy":"product_brand","embeddable":true,"href":"https:\/\/www.ruydelacerda.pt\/en\/wp-json\/wp\/v2\/product_brand?post=15412"},{"taxonomy":"product_cat","embeddable":true,"href":"https:\/\/www.ruydelacerda.pt\/en\/wp-json\/wp\/v2\/product_cat?post=15412"},{"taxonomy":"product_tag","embeddable":true,"href":"https:\/\/www.ruydelacerda.pt\/en\/wp-json\/wp\/v2\/product_tag?post=15412"}],"curies":[{"name":"wp","href":"https:\/\/api.w.org\/{rel}","templated":true}]}}