{"id":15435,"date":"2025-10-15T13:48:34","date_gmt":"2025-10-15T13:48:34","guid":{"rendered":"https:\/\/www.ruydelacerda.pt\/product\/tissue-adhesives\/"},"modified":"2025-10-15T13:48:34","modified_gmt":"2025-10-15T13:48:34","slug":"tissue-adhesives","status":"publish","type":"product","link":"https:\/\/www.ruydelacerda.pt\/en\/product\/tissue-adhesives\/","title":{"rendered":"Tissue adhesives"},"content":{"rendered":"","protected":false},"excerpt":{"rendered":"<p>As nossas colas representam a lamina\u00e7\u00e3o de alto padr\u00e3o em produtos, tais como papel higi\u00eanico, rolos de cozinha, guardanapos e outros produtos similares. Oferecemos os sistemas de cola adequados de acordo com os pedidos dos nossos clientes ( como concentrados, prontos para utiliza\u00e7\u00e3o ou mesmo coloridos ), desenvolvidos e produzidos individualmente.<\/p>\n","protected":false},"featured_media":12332,"comment_status":"open","ping_status":"closed","template":"","meta":{"_acf_changed":false,"_joinchat":[]},"product_brand":[],"product_cat":[234],"product_tag":[],"class_list":{"0":"post-15435","1":"product","2":"type-product","3":"status-publish","4":"has-post-thumbnail","6":"product_cat-chemicals","8":"first","9":"instock","10":"shipping-taxable","11":"product-type-simple"},"acf":[],"_links":{"self":[{"href":"https:\/\/www.ruydelacerda.pt\/en\/wp-json\/wp\/v2\/product\/15435","targetHints":{"allow":["GET"]}}],"collection":[{"href":"https:\/\/www.ruydelacerda.pt\/en\/wp-json\/wp\/v2\/product"}],"about":[{"href":"https:\/\/www.ruydelacerda.pt\/en\/wp-json\/wp\/v2\/types\/product"}],"replies":[{"embeddable":true,"href":"https:\/\/www.ruydelacerda.pt\/en\/wp-json\/wp\/v2\/comments?post=15435"}],"wp:featuredmedia":[{"embeddable":true,"href":"https:\/\/www.ruydelacerda.pt\/en\/wp-json\/wp\/v2\/media\/12332"}],"wp:attachment":[{"href":"https:\/\/www.ruydelacerda.pt\/en\/wp-json\/wp\/v2\/media?parent=15435"}],"wp:term":[{"taxonomy":"product_brand","embeddable":true,"href":"https:\/\/www.ruydelacerda.pt\/en\/wp-json\/wp\/v2\/product_brand?post=15435"},{"taxonomy":"product_cat","embeddable":true,"href":"https:\/\/www.ruydelacerda.pt\/en\/wp-json\/wp\/v2\/product_cat?post=15435"},{"taxonomy":"product_tag","embeddable":true,"href":"https:\/\/www.ruydelacerda.pt\/en\/wp-json\/wp\/v2\/product_tag?post=15435"}],"curies":[{"name":"wp","href":"https:\/\/api.w.org\/{rel}","templated":true}]}}